{"id":8030,"date":"2020-08-04T14:38:37","date_gmt":"2020-08-04T12:38:37","guid":{"rendered":"https:\/\/grun.idp.lu\/produit\/produit-2\/"},"modified":"2025-05-27T13:40:45","modified_gmt":"2025-05-27T11:40:45","slug":"fiigurine-ecolier-garcon-en-pvc-cellulaire-de-10-mmdecoupe-a-la-forme-1500-mm-3-rails-de-fixation-au-verso","status":"publish","type":"product","link":"https:\/\/shop.grun.lu\/en\/produit\/fiigurine-ecolier-garcon-en-pvc-cellulaire-de-10-mmdecoupe-a-la-forme-1500-mm-3-rails-de-fixation-au-verso\/","title":{"rendered":"FIigurine \u00e9colier &#8220;GARCON&#8221; , en PVC cellulaire de 10 mmd\u00e9coupe \u00e0 la forme, 1500 mm, 3 rails de fixation au verso"},"content":{"rendered":"","protected":false},"excerpt":{"rendered":"","protected":false},"featured_media":8864,"template":"","meta":{"_acf_changed":false},"product_brand":[],"product_cat":[20,25],"product_tag":[],"class_list":{"0":"post-8030","1":"product","2":"type-product","3":"status-publish","4":"has-post-thumbnail","6":"product_cat-signalisation-generale","7":"product_cat-panneau-de-securite","9":"first","10":"instock","11":"taxable","12":"shipping-taxable","13":"purchasable","14":"product-type-simple"},"acf":[],"_links":{"self":[{"href":"https:\/\/shop.grun.lu\/en\/wp-json\/wp\/v2\/product\/8030","targetHints":{"allow":["GET"]}}],"collection":[{"href":"https:\/\/shop.grun.lu\/en\/wp-json\/wp\/v2\/product"}],"about":[{"href":"https:\/\/shop.grun.lu\/en\/wp-json\/wp\/v2\/types\/product"}],"wp:featuredmedia":[{"embeddable":true,"href":"https:\/\/shop.grun.lu\/en\/wp-json\/wp\/v2\/media\/8864"}],"wp:attachment":[{"href":"https:\/\/shop.grun.lu\/en\/wp-json\/wp\/v2\/media?parent=8030"}],"wp:term":[{"taxonomy":"product_brand","embeddable":true,"href":"https:\/\/shop.grun.lu\/en\/wp-json\/wp\/v2\/product_brand?post=8030"},{"taxonomy":"product_cat","embeddable":true,"href":"https:\/\/shop.grun.lu\/en\/wp-json\/wp\/v2\/product_cat?post=8030"},{"taxonomy":"product_tag","embeddable":true,"href":"https:\/\/shop.grun.lu\/en\/wp-json\/wp\/v2\/product_tag?post=8030"}],"curies":[{"name":"wp","href":"https:\/\/api.w.org\/{rel}","templated":true}]}}