{"id":7782,"date":"2020-07-13T12:17:04","date_gmt":"2020-07-13T10:17:04","guid":{"rendered":"https:\/\/grun.idp.lu\/produit\/produit-2\/"},"modified":"2025-10-21T09:35:04","modified_gmt":"2025-10-21T07:35:04","slug":"arceaux-park-v-solaire-couleur-standard-gris-metallicmesures-780x610x68-mm-hauteur-350-mmprevus-avec-une-telecommande-detecteur-de-presence","status":"publish","type":"product","link":"https:\/\/shop.grun.lu\/en\/produit\/arceaux-park-v-solaire-couleur-standard-gris-metallicmesures-780x610x68-mm-hauteur-350-mmprevus-avec-une-telecommande-detecteur-de-presence\/","title":{"rendered":"ARCEAUX  PARK V  SOLAIRE, COULEUR : STANDARD gris  metallicmesures:  780x610x68 mm, hauteur: 350 mmpr\u00e9vus avec  :- une t\u00e9l\u00e9commande- d\u00e9tecteur de pr\u00e9sence"},"content":{"rendered":"","protected":false},"excerpt":{"rendered":"","protected":false},"featured_media":79174,"template":"","meta":{"_acf_changed":false},"product_brand":[],"product_cat":[29],"product_tag":[],"class_list":{"0":"post-7782","1":"product","2":"type-product","3":"status-publish","4":"has-post-thumbnail","6":"product_cat-poteaux-parking","8":"first","9":"instock","10":"taxable","11":"shipping-taxable","12":"purchasable","13":"product-type-simple"},"acf":[],"_links":{"self":[{"href":"https:\/\/shop.grun.lu\/en\/wp-json\/wp\/v2\/product\/7782","targetHints":{"allow":["GET"]}}],"collection":[{"href":"https:\/\/shop.grun.lu\/en\/wp-json\/wp\/v2\/product"}],"about":[{"href":"https:\/\/shop.grun.lu\/en\/wp-json\/wp\/v2\/types\/product"}],"wp:featuredmedia":[{"embeddable":true,"href":"https:\/\/shop.grun.lu\/en\/wp-json\/wp\/v2\/media\/79174"}],"wp:attachment":[{"href":"https:\/\/shop.grun.lu\/en\/wp-json\/wp\/v2\/media?parent=7782"}],"wp:term":[{"taxonomy":"product_brand","embeddable":true,"href":"https:\/\/shop.grun.lu\/en\/wp-json\/wp\/v2\/product_brand?post=7782"},{"taxonomy":"product_cat","embeddable":true,"href":"https:\/\/shop.grun.lu\/en\/wp-json\/wp\/v2\/product_cat?post=7782"},{"taxonomy":"product_tag","embeddable":true,"href":"https:\/\/shop.grun.lu\/en\/wp-json\/wp\/v2\/product_tag?post=7782"}],"curies":[{"name":"wp","href":"https:\/\/api.w.org\/{rel}","templated":true}]}}