{"id":7737,"date":"2020-07-13T12:16:22","date_gmt":"2020-07-13T10:16:22","guid":{"rendered":"https:\/\/grun.idp.lu\/produit\/produit-2\/"},"modified":"2025-05-27T09:26:34","modified_gmt":"2025-05-27T07:26:34","slug":"habillage-de-securite-en-pvc-hdpe-type-rf-classe-1-prevu-pour-poteau-o-60-mm-avec-2-colliers-de-serragehauteur-1000-mm-o-160-mmcouleur-blanc-bleu-rf-classe-1","status":"publish","type":"product","link":"https:\/\/shop.grun.lu\/en\/produit\/habillage-de-securite-en-pvc-hdpe-type-rf-classe-1-prevu-pour-poteau-o-60-mm-avec-2-colliers-de-serragehauteur-1000-mm-o-160-mmcouleur-blanc-bleu-rf-classe-1\/","title":{"rendered":"Habillage de s\u00e9curit\u00e9 en PVC HDPE type &#8221; RF classe 1&#8243; pr\u00e9vu pour poteau \u00d8 60 mm, AVEC 2 colliers de serrage,hauteur: 1000 mm, \u00d8 160 mmcouleur:  blanc &#038; bleu RF ( classe 1 )"},"content":{"rendered":"","protected":false},"excerpt":{"rendered":"","protected":false},"featured_media":24330,"template":"","meta":{"_acf_changed":false},"product_brand":[],"product_cat":[151,252],"product_tag":[],"class_list":{"0":"post-7737","1":"product","2":"type-product","3":"status-publish","4":"has-post-thumbnail","6":"product_cat-mat-et-fixation","7":"product_cat-supports-et-bras-en-saillie","9":"first","10":"instock","11":"taxable","12":"shipping-taxable","13":"purchasable","14":"product-type-simple"},"acf":[],"_links":{"self":[{"href":"https:\/\/shop.grun.lu\/en\/wp-json\/wp\/v2\/product\/7737","targetHints":{"allow":["GET"]}}],"collection":[{"href":"https:\/\/shop.grun.lu\/en\/wp-json\/wp\/v2\/product"}],"about":[{"href":"https:\/\/shop.grun.lu\/en\/wp-json\/wp\/v2\/types\/product"}],"wp:featuredmedia":[{"embeddable":true,"href":"https:\/\/shop.grun.lu\/en\/wp-json\/wp\/v2\/media\/24330"}],"wp:attachment":[{"href":"https:\/\/shop.grun.lu\/en\/wp-json\/wp\/v2\/media?parent=7737"}],"wp:term":[{"taxonomy":"product_brand","embeddable":true,"href":"https:\/\/shop.grun.lu\/en\/wp-json\/wp\/v2\/product_brand?post=7737"},{"taxonomy":"product_cat","embeddable":true,"href":"https:\/\/shop.grun.lu\/en\/wp-json\/wp\/v2\/product_cat?post=7737"},{"taxonomy":"product_tag","embeddable":true,"href":"https:\/\/shop.grun.lu\/en\/wp-json\/wp\/v2\/product_tag?post=7737"}],"curies":[{"name":"wp","href":"https:\/\/api.w.org\/{rel}","templated":true}]}}