{"id":53669,"date":"2023-10-20T16:17:46","date_gmt":"2023-10-20T14:17:46","guid":{"rendered":"https:\/\/grun.lu\/produit\/produit-2\/"},"modified":"2026-02-16T11:22:56","modified_gmt":"2026-02-16T10:22:56","slug":"housse-pour-barriere-de-securite-standardbache-blanche-avec-decor-simple-face-_-rfroute-barree","status":"publish","type":"product","link":"https:\/\/shop.grun.lu\/en\/produit\/housse-pour-barriere-de-securite-standardbache-blanche-avec-decor-simple-face-_-rfroute-barree\/","title":{"rendered":"HOUSSE POUR BARRI\u00c8RE DE S\u00c9CURIT\u00c9 STANDARDbache blanche avec d\u00e9cor SIMPLE-FACE _ RFROUTE BARREE"},"content":{"rendered":"","protected":false},"excerpt":{"rendered":"","protected":false},"featured_media":82756,"template":"","meta":{"_acf_changed":false},"product_brand":[],"product_cat":[20,21],"product_tag":[],"class_list":{"0":"post-53669","1":"product","2":"type-product","3":"status-publish","4":"has-post-thumbnail","6":"product_cat-signalisation-generale","7":"product_cat-panneau-dinterdiction","9":"first","10":"instock","11":"taxable","12":"shipping-taxable","13":"purchasable","14":"product-type-simple"},"acf":[],"_links":{"self":[{"href":"https:\/\/shop.grun.lu\/en\/wp-json\/wp\/v2\/product\/53669","targetHints":{"allow":["GET"]}}],"collection":[{"href":"https:\/\/shop.grun.lu\/en\/wp-json\/wp\/v2\/product"}],"about":[{"href":"https:\/\/shop.grun.lu\/en\/wp-json\/wp\/v2\/types\/product"}],"wp:featuredmedia":[{"embeddable":true,"href":"https:\/\/shop.grun.lu\/en\/wp-json\/wp\/v2\/media\/82756"}],"wp:attachment":[{"href":"https:\/\/shop.grun.lu\/en\/wp-json\/wp\/v2\/media?parent=53669"}],"wp:term":[{"taxonomy":"product_brand","embeddable":true,"href":"https:\/\/shop.grun.lu\/en\/wp-json\/wp\/v2\/product_brand?post=53669"},{"taxonomy":"product_cat","embeddable":true,"href":"https:\/\/shop.grun.lu\/en\/wp-json\/wp\/v2\/product_cat?post=53669"},{"taxonomy":"product_tag","embeddable":true,"href":"https:\/\/shop.grun.lu\/en\/wp-json\/wp\/v2\/product_tag?post=53669"}],"curies":[{"name":"wp","href":"https:\/\/api.w.org\/{rel}","templated":true}]}}