{"id":82370,"date":"2026-02-05T09:46:02","date_gmt":"2026-02-05T08:46:02","guid":{"rendered":"https:\/\/shop.grun.lu\/produit\/produit-2\/"},"modified":"2026-04-17T13:15:12","modified_gmt":"2026-04-17T11:15:12","slug":"cadre-pvc-publicitaire-type-clip-top-4-avec-publiciteavec-filet-en-rouge-belgique","status":"publish","type":"product","link":"https:\/\/shop.grun.lu\/de\/produit\/cadre-pvc-publicitaire-type-clip-top-4-avec-publiciteavec-filet-en-rouge-belgique\/","title":{"rendered":"CADRE PVC PUBLICITAIRE TYPE &#8220;CLIP-TOP 4&#8221;   AVEC PUBLICITEAVEC FILET EN ROUGE ( BELGIQUE )"},"content":{"rendered":"<div class=\"members-access-error\">D\u00e9sol\u00e9, vous n&#8217;\u00eates pas autoris\u00e9 \u00e0 voir ce contenu.<\/div>\n","protected":false},"excerpt":{"rendered":"<div class=\"members-access-error\">D\u00e9sol\u00e9, vous n&#8217;\u00eates pas autoris\u00e9 \u00e0 voir ce contenu.<\/div>\n","protected":false},"featured_media":82371,"template":"","meta":{"_acf_changed":false},"product_brand":[],"product_cat":[256],"product_tag":[],"class_list":{"0":"post-82370","1":"product","2":"type-product","3":"status-publish","4":"has-post-thumbnail","6":"product_cat-cadre-publicitaire","8":"first","9":"instock","10":"taxable","11":"shipping-taxable","12":"product-type-simple"},"acf":[],"_links":{"self":[{"href":"https:\/\/shop.grun.lu\/de\/wp-json\/wp\/v2\/product\/82370","targetHints":{"allow":["GET"]}}],"collection":[{"href":"https:\/\/shop.grun.lu\/de\/wp-json\/wp\/v2\/product"}],"about":[{"href":"https:\/\/shop.grun.lu\/de\/wp-json\/wp\/v2\/types\/product"}],"wp:featuredmedia":[{"embeddable":true,"href":"https:\/\/shop.grun.lu\/de\/wp-json\/wp\/v2\/media\/82371"}],"wp:attachment":[{"href":"https:\/\/shop.grun.lu\/de\/wp-json\/wp\/v2\/media?parent=82370"}],"wp:term":[{"taxonomy":"product_brand","embeddable":true,"href":"https:\/\/shop.grun.lu\/de\/wp-json\/wp\/v2\/product_brand?post=82370"},{"taxonomy":"product_cat","embeddable":true,"href":"https:\/\/shop.grun.lu\/de\/wp-json\/wp\/v2\/product_cat?post=82370"},{"taxonomy":"product_tag","embeddable":true,"href":"https:\/\/shop.grun.lu\/de\/wp-json\/wp\/v2\/product_tag?post=82370"}],"curies":[{"name":"wp","href":"https:\/\/api.w.org\/{rel}","templated":true}]}}