{"id":6381,"date":"2020-07-13T11:38:25","date_gmt":"2020-07-13T09:38:25","guid":{"rendered":"https:\/\/grun.idp.lu\/produit\/produit-2\/"},"modified":"2026-01-28T12:00:23","modified_gmt":"2026-01-28T11:00:23","slug":"poteau-conique-amovible-a-cle-tria-sans-socle-laque-en-rouge-brun-ral-3007","status":"publish","type":"product","link":"https:\/\/shop.grun.lu\/de\/produit\/poteau-conique-amovible-a-cle-tria-sans-socle-laque-en-rouge-brun-ral-3007\/","title":{"rendered":"POTEAU C\u00d4NIQUE AMOVIBLE \u00e0 cl\u00e9 tria.\r\n  SANS SOCLE \r\nlaqu\u00e9 en rouge-brun RAL 3007"},"content":{"rendered":"","protected":false},"excerpt":{"rendered":"","protected":false},"featured_media":82022,"template":"","meta":{"_acf_changed":false},"product_brand":[],"product_cat":[30],"product_tag":[],"class_list":{"0":"post-6381","1":"product","2":"type-product","3":"status-publish","4":"has-post-thumbnail","6":"product_cat-bornes-barrieres","8":"first","9":"instock","10":"taxable","11":"shipping-taxable","12":"purchasable","13":"product-type-simple"},"acf":[],"_links":{"self":[{"href":"https:\/\/shop.grun.lu\/de\/wp-json\/wp\/v2\/product\/6381","targetHints":{"allow":["GET"]}}],"collection":[{"href":"https:\/\/shop.grun.lu\/de\/wp-json\/wp\/v2\/product"}],"about":[{"href":"https:\/\/shop.grun.lu\/de\/wp-json\/wp\/v2\/types\/product"}],"wp:featuredmedia":[{"embeddable":true,"href":"https:\/\/shop.grun.lu\/de\/wp-json\/wp\/v2\/media\/82022"}],"wp:attachment":[{"href":"https:\/\/shop.grun.lu\/de\/wp-json\/wp\/v2\/media?parent=6381"}],"wp:term":[{"taxonomy":"product_brand","embeddable":true,"href":"https:\/\/shop.grun.lu\/de\/wp-json\/wp\/v2\/product_brand?post=6381"},{"taxonomy":"product_cat","embeddable":true,"href":"https:\/\/shop.grun.lu\/de\/wp-json\/wp\/v2\/product_cat?post=6381"},{"taxonomy":"product_tag","embeddable":true,"href":"https:\/\/shop.grun.lu\/de\/wp-json\/wp\/v2\/product_tag?post=6381"}],"curies":[{"name":"wp","href":"https:\/\/api.w.org\/{rel}","templated":true}]}}