{"id":25118,"date":"2021-08-30T11:43:30","date_gmt":"2021-08-30T09:43:30","guid":{"rendered":"https:\/\/grun.lu\/?post_type=product&#038;p=25118"},"modified":"2023-05-19T14:39:58","modified_gmt":"2023-05-19T12:39:58","slug":"frais-dexpedition-plaques-dimmatriculations-vers-la-france","status":"publish","type":"product","link":"https:\/\/shop.grun.lu\/de\/produit\/frais-dexpedition-plaques-dimmatriculations-vers-la-france\/","title":{"rendered":"(Fran\u00e7ais) Frais d&#8217;exp\u00e9dition plaques d&#8217;immatriculations vers les pays limitrophes"},"content":{"rendered":"<div class=\"members-access-error\">D\u00e9sol\u00e9, vous n&#8217;\u00eates pas autoris\u00e9 \u00e0 voir ce contenu.<\/div>\n","protected":false},"excerpt":{"rendered":"<div class=\"members-access-error\">D\u00e9sol\u00e9, vous n&#8217;\u00eates pas autoris\u00e9 \u00e0 voir ce contenu.<\/div>\n","protected":false},"featured_media":25121,"template":"","meta":{"_acf_changed":false},"product_brand":[],"product_cat":[61],"product_tag":[],"class_list":{"0":"post-25118","1":"product","2":"type-product","3":"status-publish","4":"has-post-thumbnail","6":"product_cat-plaques-dimmatriculation","8":"first","9":"instock","10":"taxable","11":"shipping-taxable","12":"purchasable","13":"product-type-simple"},"acf":[],"_links":{"self":[{"href":"https:\/\/shop.grun.lu\/de\/wp-json\/wp\/v2\/product\/25118","targetHints":{"allow":["GET"]}}],"collection":[{"href":"https:\/\/shop.grun.lu\/de\/wp-json\/wp\/v2\/product"}],"about":[{"href":"https:\/\/shop.grun.lu\/de\/wp-json\/wp\/v2\/types\/product"}],"wp:featuredmedia":[{"embeddable":true,"href":"https:\/\/shop.grun.lu\/de\/wp-json\/wp\/v2\/media\/25121"}],"wp:attachment":[{"href":"https:\/\/shop.grun.lu\/de\/wp-json\/wp\/v2\/media?parent=25118"}],"wp:term":[{"taxonomy":"product_brand","embeddable":true,"href":"https:\/\/shop.grun.lu\/de\/wp-json\/wp\/v2\/product_brand?post=25118"},{"taxonomy":"product_cat","embeddable":true,"href":"https:\/\/shop.grun.lu\/de\/wp-json\/wp\/v2\/product_cat?post=25118"},{"taxonomy":"product_tag","embeddable":true,"href":"https:\/\/shop.grun.lu\/de\/wp-json\/wp\/v2\/product_tag?post=25118"}],"curies":[{"name":"wp","href":"https:\/\/api.w.org\/{rel}","templated":true}]}}