{"id":20818,"date":"2021-05-21T15:33:45","date_gmt":"2021-05-21T13:33:45","guid":{"rendered":"https:\/\/grun.lu\/produit\/produit-2\/"},"modified":"2025-10-21T09:26:41","modified_gmt":"2025-10-21T07:26:41","slug":"arceaux-ottopark-solaire-couleur-standard-jaunearceau-o-62-3-mm-prevus-avec-une-telecommande-detecteur-de-presence-de-vehicules-kit-de-montage-option-gsm-sans-carte-sim","status":"publish","type":"product","link":"https:\/\/shop.grun.lu\/de\/produit\/arceaux-ottopark-solaire-couleur-standard-jaunearceau-o-62-3-mm-prevus-avec-une-telecommande-detecteur-de-presence-de-vehicules-kit-de-montage-option-gsm-sans-carte-sim\/","title":{"rendered":"ARCEAUX OTTOPARK  SOLAIRE, COULEUR : STANDARD jaunearceau \u00d8 62\/3 mm pr\u00e9vus avec  :- une t\u00e9l\u00e9commande- kit de montage &#8211; option GSM (sans carte SIM)"},"content":{"rendered":"<p class=\"qtranxs-available-languages-message qtranxs-available-languages-message-de\">Leider ist der Eintrag nur auf <a href=\"https:\/\/shop.grun.lu\/fr\/wp-json\/wp\/v2\/product\/20818\" class=\"qtranxs-available-language-link qtranxs-available-language-link-fr\" title=\"Fran\u00e7ais\">Fran\u00e7ais<\/a> verf\u00fcgbar.<\/p>","protected":false},"excerpt":{"rendered":"<p>Leider ist der Eintrag nur auf Fran\u00e7ais verf\u00fcgbar.<\/p>\n","protected":false},"featured_media":79170,"template":"","meta":{"_acf_changed":false},"product_brand":[],"product_cat":[29],"product_tag":[],"class_list":{"0":"post-20818","1":"product","2":"type-product","3":"status-publish","4":"has-post-thumbnail","6":"product_cat-poteaux-parking","8":"first","9":"instock","10":"taxable","11":"shipping-taxable","12":"purchasable","13":"product-type-simple"},"acf":[],"_links":{"self":[{"href":"https:\/\/shop.grun.lu\/de\/wp-json\/wp\/v2\/product\/20818","targetHints":{"allow":["GET"]}}],"collection":[{"href":"https:\/\/shop.grun.lu\/de\/wp-json\/wp\/v2\/product"}],"about":[{"href":"https:\/\/shop.grun.lu\/de\/wp-json\/wp\/v2\/types\/product"}],"wp:featuredmedia":[{"embeddable":true,"href":"https:\/\/shop.grun.lu\/de\/wp-json\/wp\/v2\/media\/79170"}],"wp:attachment":[{"href":"https:\/\/shop.grun.lu\/de\/wp-json\/wp\/v2\/media?parent=20818"}],"wp:term":[{"taxonomy":"product_brand","embeddable":true,"href":"https:\/\/shop.grun.lu\/de\/wp-json\/wp\/v2\/product_brand?post=20818"},{"taxonomy":"product_cat","embeddable":true,"href":"https:\/\/shop.grun.lu\/de\/wp-json\/wp\/v2\/product_cat?post=20818"},{"taxonomy":"product_tag","embeddable":true,"href":"https:\/\/shop.grun.lu\/de\/wp-json\/wp\/v2\/product_tag?post=20818"}],"curies":[{"name":"wp","href":"https:\/\/api.w.org\/{rel}","templated":true}]}}